{"id":12,"date":"2013-10-06T16:42:24","date_gmt":"2013-10-06T16:42:24","guid":{"rendered":"http:\/\/association-borromee.fr\/?page_id=12"},"modified":"2025-12-18T15:36:57","modified_gmt":"2025-12-18T15:36:57","slug":"adhesions","status":"publish","type":"page","link":"https:\/\/association-borromee.fr\/?page_id=12","title":{"rendered":"Adh\u00e9sions"},"content":{"rendered":"<p style=\"text-align: left;\">Afin d\u2019adh\u00e9rer \u00e0 notre association, vous devez prendre contact avec un membre de notre comit\u00e9 d\u2019admission.<\/p>\n<p style=\"text-align: left;\">Il s\u2019agit d\u2019une rencontre o\u00f9 vous pourrez \u00e9changer autour de l&rsquo;association, vous renseigner sur son fonctionnement, \u00e9voquer vos souhaits et vos projets quant \u00e0 votre participation.<\/p>\n<p style=\"text-align: left;\">Vous pouvez contacter :<\/p>\n<p style=\"text-align: left;\">A Metz : <b><\/b><\/p>\n<p style=\"text-align: left;\"><b>Michel KLEIN <\/b>: 06 63 76 37 54<\/p>\n<p><b>Rapha\u00ebl SARTORI <\/b><span style=\"display: inline !important; float: none; background-color: transparent; color: #444444; cursor: text; font-family: 'Open Sans',Helvetica,Arial,sans-serif; font-size: 14px; font-style: normal; font-variant: normal; font-weight: 400; letter-spacing: normal; line-height: 14px; orphans: 2; text-align: left; text-decoration: none; text-indent: 0px; text-transform: none; -webkit-text-stroke-width: 0px; white-space: normal; word-spacing: 0px;\">: 06 19 25 37 14<\/span><\/p>\n<p style=\"text-align: left;\">Vous serez\u00a0ult\u00e9rieurement avis\u00e9s de votre adh\u00e9sion par le comit\u00e9 de direction.<\/p>\n<p style=\"text-align: left;\">Le montant de l&rsquo;adh\u00e9sion est de 30\u20ac, tandis que la cotisation annuelle s&rsquo;\u00e9l\u00e8ve \u00e0 50\u20ac.<\/p>\n","protected":false},"excerpt":{"rendered":"<p>Afin d\u2019adh\u00e9rer \u00e0 notre association, vous devez prendre contact avec un membre de notre comit\u00e9 d\u2019admission. Il s\u2019agit d\u2019une rencontre o\u00f9 vous pourrez \u00e9changer autour de l&rsquo;association, vous renseigner sur son fonctionnement, \u00e9voquer vos souhaits et vos projets quant \u00e0 votre participation. Vous pouvez contacter : A Metz : Michel KLEIN : 06 63 76 [&hellip;]<\/p>\n","protected":false},"author":1,"featured_media":0,"parent":23,"menu_order":0,"comment_status":"closed","ping_status":"closed","template":"","meta":{"footnotes":""},"class_list":["post-12","page","type-page","status-publish","hentry"],"_links":{"self":[{"href":"https:\/\/association-borromee.fr\/index.php?rest_route=\/wp\/v2\/pages\/12","targetHints":{"allow":["GET"]}}],"collection":[{"href":"https:\/\/association-borromee.fr\/index.php?rest_route=\/wp\/v2\/pages"}],"about":[{"href":"https:\/\/association-borromee.fr\/index.php?rest_route=\/wp\/v2\/types\/page"}],"author":[{"embeddable":true,"href":"https:\/\/association-borromee.fr\/index.php?rest_route=\/wp\/v2\/users\/1"}],"replies":[{"embeddable":true,"href":"https:\/\/association-borromee.fr\/index.php?rest_route=%2Fwp%2Fv2%2Fcomments&post=12"}],"version-history":[{"count":4,"href":"https:\/\/association-borromee.fr\/index.php?rest_route=\/wp\/v2\/pages\/12\/revisions"}],"predecessor-version":[{"id":1579,"href":"https:\/\/association-borromee.fr\/index.php?rest_route=\/wp\/v2\/pages\/12\/revisions\/1579"}],"up":[{"embeddable":true,"href":"https:\/\/association-borromee.fr\/index.php?rest_route=\/wp\/v2\/pages\/23"}],"wp:attachment":[{"href":"https:\/\/association-borromee.fr\/index.php?rest_route=%2Fwp%2Fv2%2Fmedia&parent=12"}],"curies":[{"name":"wp","href":"https:\/\/api.w.org\/{rel}","templated":true}]}}