{"id":1580,"date":"2025-12-18T16:21:18","date_gmt":"2025-12-18T16:21:18","guid":{"rendered":"https:\/\/association-borromee.fr\/?page_id=1580"},"modified":"2026-05-04T18:10:30","modified_gmt":"2026-05-04T18:10:30","slug":"prochaine-intervention","status":"publish","type":"page","link":"https:\/\/association-borromee.fr\/?page_id=1580","title":{"rendered":"Prochaine intervention"},"content":{"rendered":"\n<p class=\"has-small-font-size\"><strong>Samedi 30 mai 2026<\/strong><\/p>\n\n\n\n<p>de 14 h \u00e0 16h : Maison des associations, 1 rue du Coetlosquet, Metz<\/p>\n\n\n\n<p class=\"has-small-font-size\"><strong>Philippe PIERRE &amp; Yves PAUL<\/strong> &#8211; \u00ab\u00a0<strong>Ad\u00e8le Yon, \u00e0 la recherche d\u2019une parole confisqu\u00e9e\u00a0\u00bb .<\/strong><\/p>\n\n\n\n<p class=\"has-small-font-size\">La publication en f\u00e9vrier 2025 du r\u00e9cit autobiographique d&rsquo;Ad\u00e8le Yon \u2013 issu de son travail de th\u00e8se \u2013 <em>\u00ab&nbsp;Mon vrai nom est \u00c9lisabeth&nbsp;\u00bb (Editions du sous-sol),<\/em> nous a conduit \u00e0 tenter de l&rsquo;inviter \u00e0 Metz. Malheureusement, son emploi du temps en a d\u00e9cid\u00e9 autrement.<\/p>\n\n\n\n<p class=\"has-small-font-size\">Pour trouver trace du douloureux parcours psychiatrique de son arri\u00e8re-grand-m\u00e8re (Elisabeth) lobotomis\u00e9e, l\u2019autrice a men\u00e9 une v\u00e9ritable \u00ab&nbsp;enqu\u00eate psychanalytique&nbsp;\u00bb mue par une grande angoisse car le roman familial, tout en occultant les circonstances de l\u2019hospitalisation de son a\u00efeule (surnomm\u00e9e Betsy), a laiss\u00e9 croire que sa maladie (schizophr\u00e9nie) pouvait \u00eatre transmissible h\u00e9r\u00e9ditairement aux femmes de la famille&nbsp;! <\/p>\n\n\n\n<p class=\"has-small-font-size\">Mais pour rendre compte de cette passionnante recherche personnelle il nous faudra d\u2019abord en situer le cadre &nbsp;en&nbsp; &nbsp;pr\u00e9sentant l\u2019histoire du traitement de la folie depuis l\u2019Antiquit\u00e9 en insistant sur le XIX\u00e8me si\u00e8cle, v\u00e9ritable d\u00e9but de la psychiatrie. Enfin nous nous pencherons sur les diff\u00e9rentes&nbsp; pratiques hospitali\u00e8res au XX\u00e8me et XXI\u00e8me si\u00e8cle, p\u00e9riodes&nbsp; o\u00f9 la psychiatrie a cohabit\u00e9 pendant de nombreuses ann\u00e9es avec la psychanalyse.<\/p>\n\n\n<div class=\"wp-block-image\">\n<figure class=\"aligncenter size-large is-resized\"><a href=\"https:\/\/association-borromee.fr\/wp-content\/uploads\/2026\/04\/9782378288235-scaled-1.jpg\"><img loading=\"lazy\" decoding=\"async\" width=\"666\" height=\"1024\" src=\"https:\/\/association-borromee.fr\/wp-content\/uploads\/2026\/04\/9782378288235-scaled-1-666x1024.jpg\" alt=\"\" class=\"wp-image-1649\" style=\"aspect-ratio:0.6503964128900129;width:250px;height:auto\" srcset=\"https:\/\/association-borromee.fr\/wp-content\/uploads\/2026\/04\/9782378288235-scaled-1-666x1024.jpg 666w, https:\/\/association-borromee.fr\/wp-content\/uploads\/2026\/04\/9782378288235-scaled-1-195x300.jpg 195w, https:\/\/association-borromee.fr\/wp-content\/uploads\/2026\/04\/9782378288235-scaled-1-768x1182.jpg 768w, https:\/\/association-borromee.fr\/wp-content\/uploads\/2026\/04\/9782378288235-scaled-1-998x1536.jpg 998w, https:\/\/association-borromee.fr\/wp-content\/uploads\/2026\/04\/9782378288235-scaled-1-1331x2048.jpg 1331w, https:\/\/association-borromee.fr\/wp-content\/uploads\/2026\/04\/9782378288235-scaled-1-624x960.jpg 624w, https:\/\/association-borromee.fr\/wp-content\/uploads\/2026\/04\/9782378288235-scaled-1.jpg 1664w\" sizes=\"auto, (max-width: 666px) 100vw, 666px\" \/><\/a><\/figure>\n<\/div>\n\n\n<p class=\"has-small-font-size\"><br><br>Site : http:\/\/association-borromee.fr<br>Mail :&nbsp;borromeeassociation@gmail.com<\/p>\n\n\n\n<p><\/p>\n","protected":false},"excerpt":{"rendered":"<p>Samedi 30 mai 2026 de 14 h \u00e0 16h : Maison des associations, 1 rue du Coetlosquet, Metz Philippe PIERRE &amp; Yves PAUL &#8211; \u00ab\u00a0Ad\u00e8le Yon, \u00e0 la recherche d\u2019une parole confisqu\u00e9e\u00a0\u00bb . La publication en f\u00e9vrier 2025 du r\u00e9cit autobiographique d&rsquo;Ad\u00e8le Yon \u2013 issu de son travail de th\u00e8se \u2013 \u00ab&nbsp;Mon vrai nom est [&hellip;]<\/p>\n","protected":false},"author":3,"featured_media":0,"parent":0,"menu_order":0,"comment_status":"closed","ping_status":"closed","template":"","meta":{"footnotes":""},"class_list":["post-1580","page","type-page","status-publish","hentry"],"_links":{"self":[{"href":"https:\/\/association-borromee.fr\/index.php?rest_route=\/wp\/v2\/pages\/1580","targetHints":{"allow":["GET"]}}],"collection":[{"href":"https:\/\/association-borromee.fr\/index.php?rest_route=\/wp\/v2\/pages"}],"about":[{"href":"https:\/\/association-borromee.fr\/index.php?rest_route=\/wp\/v2\/types\/page"}],"author":[{"embeddable":true,"href":"https:\/\/association-borromee.fr\/index.php?rest_route=\/wp\/v2\/users\/3"}],"replies":[{"embeddable":true,"href":"https:\/\/association-borromee.fr\/index.php?rest_route=%2Fwp%2Fv2%2Fcomments&post=1580"}],"version-history":[{"count":10,"href":"https:\/\/association-borromee.fr\/index.php?rest_route=\/wp\/v2\/pages\/1580\/revisions"}],"predecessor-version":[{"id":1657,"href":"https:\/\/association-borromee.fr\/index.php?rest_route=\/wp\/v2\/pages\/1580\/revisions\/1657"}],"wp:attachment":[{"href":"https:\/\/association-borromee.fr\/index.php?rest_route=%2Fwp%2Fv2%2Fmedia&parent=1580"}],"curies":[{"name":"wp","href":"https:\/\/api.w.org\/{rel}","templated":true}]}}