{"id":2,"date":"2013-10-06T16:19:18","date_gmt":"2013-10-06T16:19:18","guid":{"rendered":"http:\/\/borromee.spigolo.de\/wordpress\/?page_id=2"},"modified":"2018-10-28T16:38:34","modified_gmt":"2018-10-28T16:38:34","slug":"sample-page","status":"publish","type":"page","link":"https:\/\/association-borromee.fr\/","title":{"rendered":"Association Borrom\u00e9e"},"content":{"rendered":"<p>&nbsp;<\/p>\n<p>Fondamentalement et \u00e9tymologiquement, l\u2019analyse consiste \u00e0 d\u00e9nouer les liens qui nous entravent. Pas \u00e0 d\u00e9truire, mais \u00e0 d\u00e9nouer!<\/p>\n<p>Lacan a emprunt\u00e9 au blason des Borrom\u00e9es la figure du n\u0153ud borrom\u00e9en. C&rsquo;est l\u00e0 l&rsquo;un de ses principaux apports \u00e0 la th\u00e9orie et \u00e0 la pratique de la psychanalyse. Le noeud borrom\u00e9en est compos\u00e9 de trois anneaux li\u00e9s ensemble de telle sorte que, si l\u2019un des trois se rompt, les deux autres se s\u00e9parent.<\/p>\n<p>Ces trois anneaux li\u00e9s, repr\u00e9sentant respectivement les instances du R\u00e9el, du Symbolique et de l&rsquo;Imaginaire, figurent\u00a0 comment se nouent, en chacun de nous, \u00eatres de parole, ces trois instances. La conceptualisation de ce nouage est, depuis Lacan, essentiel au travail \u00e0 l&rsquo;int\u00e9rieur de la cure analytique.<\/p>\n<p>Cependant, Freud ne manquera pas de venir nous rappeler que la psychanalyse n\u2019est pas &#8211; et ne sera jamais ! &#8211; une \u00ab <i>Weltanschauung<\/i> \u00bb, une \u00ab <i>conception du monde <\/i>\u00bb !<\/p>\n<p>En d&rsquo;autres termes, le champ psychanalytique ne peut se suffire \u00e0 lui-m\u00eame. Il demande \u00e0 \u00eatre nou\u00e9 \u00e0 tous les autres champs qui concernent l\u2019activit\u00e9 humaine: des sciences humaines aux sciences dites \u00ab\u00a0dures\u00a0\u00bb, en passant\u00a0 par l\u2019art et par la politique, la liste serait longue \u00e0 \u00e9tablir !<\/p>\n<p>Toutes celles et ceux qui d\u00e9sireront contribuer \u00e0 ce nouage, seront les bienvenus \u00e0 Borrom\u00e9e.<\/p>\n<p><strong>Diff\u00e9rentes modalit\u00e9s de travail seront propos\u00e9es :<\/strong><\/p>\n<p>a) des interventions ponctuelles,<\/p>\n<ul>\n<li>\u00a0des s\u00e9minaires longs<\/li>\n<li>des s\u00e9minaires courts (2 ou 3 s\u00e9ances)<\/li>\n<li>des conf\u00e9rences \u00ab\u00a0encadr\u00e9es\u00a0\u00bb (une r\u00e9union pr\u00e9c\u00e9dant l&rsquo;intervention et\/ou la suivant afin de travailler l&rsquo;intervention)<\/li>\n<li>des interventions sur invitation&#8230;<\/li>\n<\/ul>\n<p>b) ces interventions pourront \u00eatre, au cas par cas, r\u00e9serv\u00e9es aux membres de l&rsquo;association ou ouvertes \u00e0 tous.<\/p>\n<p>c) des connaissances pr\u00e9alables ne sont pas indispensables. Des sessions d&rsquo;initiation aux th\u00e9ories psychanalytiques seront organis\u00e9es, si n\u00e9cessaire, par l&rsquo;association.<\/p>\n","protected":false},"excerpt":{"rendered":"<p>&nbsp; Fondamentalement et \u00e9tymologiquement, l\u2019analyse consiste \u00e0 d\u00e9nouer les liens qui nous entravent. Pas \u00e0 d\u00e9truire, mais \u00e0 d\u00e9nouer! Lacan a emprunt\u00e9 au blason des Borrom\u00e9es la figure du n\u0153ud borrom\u00e9en. C&rsquo;est l\u00e0 l&rsquo;un de ses principaux apports \u00e0 la th\u00e9orie et \u00e0 la pratique de la psychanalyse. Le noeud borrom\u00e9en est compos\u00e9 de trois [&hellip;]<\/p>\n","protected":false},"author":1,"featured_media":0,"parent":0,"menu_order":0,"comment_status":"closed","ping_status":"open","template":"","meta":{"footnotes":""},"class_list":["post-2","page","type-page","status-publish","hentry"],"_links":{"self":[{"href":"https:\/\/association-borromee.fr\/index.php?rest_route=\/wp\/v2\/pages\/2","targetHints":{"allow":["GET"]}}],"collection":[{"href":"https:\/\/association-borromee.fr\/index.php?rest_route=\/wp\/v2\/pages"}],"about":[{"href":"https:\/\/association-borromee.fr\/index.php?rest_route=\/wp\/v2\/types\/page"}],"author":[{"embeddable":true,"href":"https:\/\/association-borromee.fr\/index.php?rest_route=\/wp\/v2\/users\/1"}],"replies":[{"embeddable":true,"href":"https:\/\/association-borromee.fr\/index.php?rest_route=%2Fwp%2Fv2%2Fcomments&post=2"}],"version-history":[{"count":6,"href":"https:\/\/association-borromee.fr\/index.php?rest_route=\/wp\/v2\/pages\/2\/revisions"}],"predecessor-version":[{"id":1130,"href":"https:\/\/association-borromee.fr\/index.php?rest_route=\/wp\/v2\/pages\/2\/revisions\/1130"}],"wp:attachment":[{"href":"https:\/\/association-borromee.fr\/index.php?rest_route=%2Fwp%2Fv2%2Fmedia&parent=2"}],"curies":[{"name":"wp","href":"https:\/\/api.w.org\/{rel}","templated":true}]}}