{"id":23,"date":"2013-10-06T16:50:16","date_gmt":"2013-10-06T16:50:16","guid":{"rendered":"http:\/\/association-borromee.fr\/?page_id=23"},"modified":"2026-02-16T13:36:26","modified_gmt":"2026-02-16T13:36:26","slug":"contact","status":"publish","type":"page","link":"https:\/\/association-borromee.fr\/?page_id=23","title":{"rendered":"Contact"},"content":{"rendered":"<p><b>Vous pouvez nous \u00e9crire au si\u00e8ge de l&rsquo;association :<\/b><\/p>\n<p>Association Borrom\u00e9e<br \/>\n52 en Fournirue<br \/>\n57000\u00a0METZ<\/p>\n<p><b>par email<\/b> <a href=\"mailto:info@association-borromee.fr\">info@association-borromee.fr<\/a><\/p>\n<p>&nbsp;<\/p>\n","protected":false},"excerpt":{"rendered":"<p>Vous pouvez nous \u00e9crire au si\u00e8ge de l&rsquo;association : Association Borrom\u00e9e 52 en Fournirue 57000\u00a0METZ par email info@association-borromee.fr &nbsp;<\/p>\n","protected":false},"author":1,"featured_media":0,"parent":0,"menu_order":0,"comment_status":"closed","ping_status":"open","template":"","meta":{"footnotes":""},"class_list":["post-23","page","type-page","status-publish","hentry"],"_links":{"self":[{"href":"https:\/\/association-borromee.fr\/index.php?rest_route=\/wp\/v2\/pages\/23","targetHints":{"allow":["GET"]}}],"collection":[{"href":"https:\/\/association-borromee.fr\/index.php?rest_route=\/wp\/v2\/pages"}],"about":[{"href":"https:\/\/association-borromee.fr\/index.php?rest_route=\/wp\/v2\/types\/page"}],"author":[{"embeddable":true,"href":"https:\/\/association-borromee.fr\/index.php?rest_route=\/wp\/v2\/users\/1"}],"replies":[{"embeddable":true,"href":"https:\/\/association-borromee.fr\/index.php?rest_route=%2Fwp%2Fv2%2Fcomments&post=23"}],"version-history":[{"count":6,"href":"https:\/\/association-borromee.fr\/index.php?rest_route=\/wp\/v2\/pages\/23\/revisions"}],"predecessor-version":[{"id":1619,"href":"https:\/\/association-borromee.fr\/index.php?rest_route=\/wp\/v2\/pages\/23\/revisions\/1619"}],"wp:attachment":[{"href":"https:\/\/association-borromee.fr\/index.php?rest_route=%2Fwp%2Fv2%2Fmedia&parent=23"}],"curies":[{"name":"wp","href":"https:\/\/api.w.org\/{rel}","templated":true}]}}