{"id":6,"date":"2013-10-06T16:38:51","date_gmt":"2013-10-06T16:38:51","guid":{"rendered":"http:\/\/association-borromee.fr\/?page_id=6"},"modified":"2014-03-30T16:42:57","modified_gmt":"2014-03-30T16:42:57","slug":"les-noeuds-borromeens","status":"publish","type":"page","link":"https:\/\/association-borromee.fr\/?page_id=6","title":{"rendered":"Les Noeuds Borrom\u00e9ens"},"content":{"rendered":"<p style=\"text-align: left;\">Les anneaux de Borrom\u00e9e tirent leur nom d&rsquo;une c\u00e9l\u00e8bre famille de princes italiens de la Renaissance, les Borrom\u00e9e, qui les adopt\u00e8rent comme symbole h\u00e9raldique. Ils sont grav\u00e9s dans la pierre de leur ch\u00e2teau, sur l&rsquo;une des \u00eeles Borrom\u00e9e du lac Majeur (isola bella), dans le nord de l&rsquo;Italie.<\/p>\n<p style=\"text-align: left;\">On retrouve aussi cet entrelacs sur des pierres sculpt\u00e9es du IXe si\u00e8cle environ, \u00e0 Gotland, une \u00eele de la mer Baltique au large des c\u00f4tes sud-est de la Su\u00e8de.<\/p>\n<p style=\"text-align: left;\">\u00a0On pense qu&rsquo;ils correspondent \u00e0 des l\u00e9gendes d\u00e9coulant de mythes nordiques. Par ailleurs, les peuples du nord de la Scandinavie connaissent une repr\u00e9sentation des anneaux de Borrom\u00e9e en forme de triangles sous le nom de \u00ab\u00a0triangle d&rsquo;Odin\u00a0\u00bb.<\/p>\n<div id=\"attachment_7\" style=\"width: 199px\" class=\"wp-caption aligncenter\"><a href=\"http:\/\/association-borromee.fr\/wp-content\/uploads\/2013\/10\/noeuds-bis-01.jpg\"><img loading=\"lazy\" decoding=\"async\" aria-describedby=\"caption-attachment-7\" class=\"size-full wp-image-7 \" alt=\"Triange d'Odin\" src=\"http:\/\/association-borromee.fr\/wp-content\/uploads\/2013\/10\/noeuds-bis-01.jpg\" width=\"189\" height=\"195\" \/><\/a><p id=\"caption-attachment-7\" class=\"wp-caption-text\">Triange d&rsquo;Odin<\/p><\/div>\n<p style=\"text-align: left;\" align=\"center\">Jacques Lacan choisit d&rsquo;utiliser cette repr\u00e9sentation pour t\u00e9moigner du nouage entre les instances : R\u00e9el, Symbolique et Imaginaire.<\/p>\n","protected":false},"excerpt":{"rendered":"<p>Les anneaux de Borrom\u00e9e tirent leur nom d&rsquo;une c\u00e9l\u00e8bre famille de princes italiens de la Renaissance, les Borrom\u00e9e, qui les adopt\u00e8rent comme symbole h\u00e9raldique. Ils sont grav\u00e9s dans la pierre de leur ch\u00e2teau, sur l&rsquo;une des \u00eeles Borrom\u00e9e du lac Majeur (isola bella), dans le nord de l&rsquo;Italie. On retrouve aussi cet entrelacs sur des [&hellip;]<\/p>\n","protected":false},"author":1,"featured_media":0,"parent":0,"menu_order":2,"comment_status":"closed","ping_status":"closed","template":"","meta":{"footnotes":""},"class_list":["post-6","page","type-page","status-publish","hentry"],"_links":{"self":[{"href":"https:\/\/association-borromee.fr\/index.php?rest_route=\/wp\/v2\/pages\/6","targetHints":{"allow":["GET"]}}],"collection":[{"href":"https:\/\/association-borromee.fr\/index.php?rest_route=\/wp\/v2\/pages"}],"about":[{"href":"https:\/\/association-borromee.fr\/index.php?rest_route=\/wp\/v2\/types\/page"}],"author":[{"embeddable":true,"href":"https:\/\/association-borromee.fr\/index.php?rest_route=\/wp\/v2\/users\/1"}],"replies":[{"embeddable":true,"href":"https:\/\/association-borromee.fr\/index.php?rest_route=%2Fwp%2Fv2%2Fcomments&post=6"}],"version-history":[{"count":2,"href":"https:\/\/association-borromee.fr\/index.php?rest_route=\/wp\/v2\/pages\/6\/revisions"}],"predecessor-version":[{"id":95,"href":"https:\/\/association-borromee.fr\/index.php?rest_route=\/wp\/v2\/pages\/6\/revisions\/95"}],"wp:attachment":[{"href":"https:\/\/association-borromee.fr\/index.php?rest_route=%2Fwp%2Fv2%2Fmedia&parent=6"}],"curies":[{"name":"wp","href":"https:\/\/api.w.org\/{rel}","templated":true}]}}